{"id":5761,"date":"2017-09-03T02:41:49","date_gmt":"2017-09-03T02:41:49","guid":{"rendered":"http:\/\/themenectar.com\/demo\/salient-corporate-creative\/?page_id=5761"},"modified":"2025-09-23T12:54:39","modified_gmt":"2025-09-23T11:54:39","slug":"pakovanje","status":"publish","type":"page","link":"https:\/\/ambalaza-mmfruits.com\/en\/","title":{"rendered":"Home"},"content":{"rendered":"<div id=\"fws_69ff01bb3117c\"  data-column-margin=\"default\" data-midnight=\"light\"  class=\"wpb_row vc_row-fluid vc_row full-width-section vc_row-o-full-height vc_row-o-columns-middle vc_row-o-equal-height vc_row-flex standard_section\"  style=\"padding-top: 0px; padding-bottom: 0px; \"><div class=\"row-bg-wrap\" data-bg-animation=\"none\" data-bg-overlay=\"true\"><div class=\"inner-wrap\"><div class=\"row-bg using-bg-color\"  style=\"background-color: #1874a3; \"><\/div><\/div><div class=\"row-bg-overlay\" style=\"background-color:rgba(191,191,191,0.13);  opacity: 0.3; \"><\/div><\/div>      \n\t\t\t<div class=\"video-color-overlay\" data-color=\"\"><\/div>\n            \n\t\t\t<div class=\"nectar-video-wrap\" data-bg-alignment=\"\">\n\t\t\t\t<div class=\"nectar-video-inner\">\n        <video class=\"nectar-video-bg\" width=\"1800\" height=\"700\" preload=\"auto\" loop autoplay muted playsinline><source src=\"https:\/\/ambalaza-mmfruits.com\/wp-content\/uploads\/2025\/08\/mim-fruits.mp4\"  type=\"video\/mp4\"><\/video>    \t\t<\/div>\n\t\t\t <\/div>\n       \n\t\t\t<div class=\"row_col_wrap_12 col span_12 light left\">\n\t<div  class=\"vc_col-sm-6 wpb_column column_container vc_column_container col padding-3-percent inherit_tablet inherit_phone\"  data-t-w-inherits=\"default\" data-border-animation=\"\" data-border-animation-delay=\"\" data-border-width=\"2px\" data-border-style=\"solid\" data-border-color=\"\" data-overlay-color=\"true\" data-bg-cover=\"\" data-padding-pos=\"all\" data-has-bg-color=\"false\" data-bg-color=\"\" data-bg-opacity=\"1\" data-hover-bg=\"\" data-hover-bg-opacity=\"1\" data-animation=\"\" data-delay=\"0\" >\n\t\t<div class=\"vc_column-inner\" style=\"border: 2px solid rgba(255,255,255,0); \"><span class=\"border-wrap\" style=\"border-color: ;\"><span class=\"border-top\"><\/span><span class=\"border-right\"><\/span><span class=\"border-bottom\"><\/span><span class=\"border-left\"><\/span><\/span><div class=\"column-bg-overlay-wrap\" data-bg-animation=\"none\"><div class=\"column-bg-overlay\"><\/div><div class=\"column-overlay-layer\" style=\"background-color:#f15e32;  opacity: 0.5; \"><\/div><\/div>\n\t\t\t<div class=\"wpb_wrapper\">\n\t\t\t\t<div class=\"nectar-split-heading\" data-animation-type=\"line-reveal-by-space\" data-animation-delay=\"0\" data-custom-font-size=\"false\" ><h1 >M&amp;M Fruits<\/h1><\/div><div id=\"fws_69ff01bb31682\" data-midnight=\"\" data-column-margin=\"default\" class=\"wpb_row vc_row-fluid vc_row inner_row standard_section\"  style=\"padding-top: 0px; padding-bottom: 0px; \"><div class=\"row-bg-wrap\"> <div class=\"row-bg\" ><\/div> <\/div><div class=\"row_col_wrap_12_inner col span_12  left\">\n\t<div  class=\"vc_col-sm-9 wpb_column column_container vc_column_container col child_column has-animation no-extra-padding inherit_tablet inherit_phone\"   data-t-w-inherits=\"default\" data-bg-cover=\"\" data-padding-pos=\"all\" data-has-bg-color=\"false\" data-bg-color=\"\" data-bg-opacity=\"1\" data-hover-bg=\"\" data-hover-bg-opacity=\"1\" data-animation=\"fade-in-from-bottom\" data-delay=\"200\">\n\t\t<div class=\"vc_column-inner\" ><div class=\"column-bg-overlay-wrap\" data-bg-animation=\"none\"><div class=\"column-bg-overlay\"><\/div><\/div>\n\t\t<div class=\"wpb_wrapper\">\n\t\t\t<h4 style=\"font-size: 20px;color: #ffffff;line-height: 30px;text-align: left;font-family:Inder;font-weight:400;font-style:normal\" class=\"vc_custom_heading\" >Family company, which is engaged in the production and distribution of packaging for fresh products.<\/h4>\n\t\t<\/div> \n\t<\/div>\n\t<\/div> \n<\/div><\/div><div id=\"fws_69ff01bb31b80\" data-midnight=\"\" data-column-margin=\"default\" class=\"wpb_row vc_row-fluid vc_row inner_row standard_section\"  style=\"padding-top: 0px; padding-bottom: 0px; \"><div class=\"row-bg-wrap\"> <div class=\"row-bg\" ><\/div> <\/div><div class=\"row_col_wrap_12_inner col span_12  left\">\n\t<div  class=\"vc_col-sm-12 wpb_column column_container vc_column_container col child_column has-animation no-extra-padding inherit_tablet inherit_phone\"   data-t-w-inherits=\"default\" data-bg-cover=\"\" data-padding-pos=\"all\" data-has-bg-color=\"false\" data-bg-color=\"\" data-bg-opacity=\"1\" data-hover-bg=\"\" data-hover-bg-opacity=\"1\" data-animation=\"fade-in-from-bottom\" data-delay=\"400\">\n\t\t<div class=\"vc_column-inner\" ><div class=\"column-bg-overlay-wrap\" data-bg-animation=\"none\"><div class=\"column-bg-overlay\"><\/div><\/div>\n\t\t<div class=\"wpb_wrapper\">\n\t\t\t<a class=\"nectar-button large see-through-3\"  style=\"margin-top: 10px; border-color: #ffffff;\"  href=\"https:\/\/ambalaza-mmfruits.com\/o-nama\/\" data-color-override=\"#ffffff\"  data-hover-color-override=\"#1874a3\" data-hover-text-color-override=\"#ffffff\"><span>More detail<\/span><\/a>\n\t\t<\/div> \n\t<\/div>\n\t<\/div> \n<\/div><\/div>\n\t\t\t<\/div> \n\t\t<\/div>\n\t<\/div> \n<\/div><\/div>\n\t\t<div id=\"fws_69ff01bb3220a\"  data-column-margin=\"default\" data-midnight=\"dark\"  class=\"wpb_row vc_row-fluid vc_row  vc_row-o-equal-height vc_row-flex standard_section\"  style=\"padding-top: 80px; padding-bottom: 0px; \"><div class=\"row-bg-wrap\" data-bg-animation=\"none\" data-bg-overlay=\"false\"><div class=\"inner-wrap\"><div class=\"row-bg\"  style=\"\"><\/div><\/div><div class=\"row-bg-overlay\" ><\/div><\/div><div class=\"row_col_wrap_12 col span_12 dark left\">\n\t<div  class=\"vc_col-sm-4 wpb_column column_container vc_column_container col no-extra-padding inherit_tablet inherit_phone\"  data-t-w-inherits=\"default\" data-bg-cover=\"\" data-padding-pos=\"all\" data-has-bg-color=\"false\" data-bg-color=\"\" data-bg-opacity=\"1\" data-hover-bg=\"\" data-hover-bg-opacity=\"1\" data-animation=\"\" data-delay=\"0\" >\n\t\t<div class=\"vc_column-inner\" ><div class=\"column-bg-overlay-wrap\" data-bg-animation=\"none\"><div class=\"column-bg-overlay\"><\/div><\/div>\n\t\t\t<div class=\"wpb_wrapper\">\n\t\t\t\t<div class=\"img-with-aniamtion-wrap center\" data-max-width=\"100%\" data-max-width-mobile=\"default\" data-border-radius=\"20px\" data-shadow=\"small_depth\" data-animation=\"grow-in\" >\r\n      <div class=\"inner\">\r\n        <div class=\"hover-wrap\" data-hover-animation=\"zoom\"> \r\n          <div class=\"hover-wrap-inner\">\r\n            <a href=\"https:\/\/ambalaza-mmfruits.com\/portfolio\/pp-program\/\" target=\"_self\" class=\"center\">\r\n              <img class=\"img-with-animation skip-lazy  nectar-lazy\" data-delay=\"0\" height=\"1280\" width=\"1280\" data-animation=\"grow-in\" data-nectar-img-src=\"https:\/\/ambalaza-mmfruits.com\/wp-content\/uploads\/2025\/09\/PP-PROGRAM.jpg\" alt=\"\" data-nectar-img-srcset=\"https:\/\/ambalaza-mmfruits.com\/wp-content\/uploads\/2025\/09\/PP-PROGRAM.jpg 1280w, https:\/\/ambalaza-mmfruits.com\/wp-content\/uploads\/2025\/09\/PP-PROGRAM-300x300.jpg 300w, https:\/\/ambalaza-mmfruits.com\/wp-content\/uploads\/2025\/09\/PP-PROGRAM-1024x1024.jpg 1024w, https:\/\/ambalaza-mmfruits.com\/wp-content\/uploads\/2025\/09\/PP-PROGRAM-150x150.jpg 150w, https:\/\/ambalaza-mmfruits.com\/wp-content\/uploads\/2025\/09\/PP-PROGRAM-768x768.jpg 768w, https:\/\/ambalaza-mmfruits.com\/wp-content\/uploads\/2025\/09\/PP-PROGRAM-12x12.jpg 12w, https:\/\/ambalaza-mmfruits.com\/wp-content\/uploads\/2025\/09\/PP-PROGRAM-100x100.jpg 100w, https:\/\/ambalaza-mmfruits.com\/wp-content\/uploads\/2025\/09\/PP-PROGRAM-140x140.jpg 140w, https:\/\/ambalaza-mmfruits.com\/wp-content\/uploads\/2025\/09\/PP-PROGRAM-500x500.jpg 500w, https:\/\/ambalaza-mmfruits.com\/wp-content\/uploads\/2025\/09\/PP-PROGRAM-350x350.jpg 350w, https:\/\/ambalaza-mmfruits.com\/wp-content\/uploads\/2025\/09\/PP-PROGRAM-1000x1000.jpg 1000w, https:\/\/ambalaza-mmfruits.com\/wp-content\/uploads\/2025\/09\/PP-PROGRAM-800x800.jpg 800w\" sizes=\"(min-width: 1450px) 75vw, (min-width: 1000px) 85vw, 100vw\" \/>\r\n            <\/a>\r\n          <\/div>\r\n        <\/div>\r\n      <\/div>\r\n      <\/div><h4 style=\"text-align: left\" class=\"vc_custom_heading wpb_animate_when_almost_visible wpb_fadeIn fadeIn\" ><a href=\"https:\/\/ambalaza-mmfruits.com\/portfolio\/pp-program\/\">PP PROGRAM<\/a><\/h4>\n\t\t\t<\/div> \n\t\t<\/div>\n\t<\/div> \n\n\t<div  class=\"vc_col-sm-4 wpb_column column_container vc_column_container col no-extra-padding inherit_tablet inherit_phone\"  data-t-w-inherits=\"default\" data-bg-cover=\"\" data-padding-pos=\"all\" data-has-bg-color=\"false\" data-bg-color=\"\" data-bg-opacity=\"1\" data-hover-bg=\"\" data-hover-bg-opacity=\"1\" data-animation=\"\" data-delay=\"0\" >\n\t\t<div class=\"vc_column-inner\" ><div class=\"column-bg-overlay-wrap\" data-bg-animation=\"none\"><div class=\"column-bg-overlay\"><\/div><\/div>\n\t\t\t<div class=\"wpb_wrapper\">\n\t\t\t\t<div class=\"img-with-aniamtion-wrap center\" data-max-width=\"100%\" data-max-width-mobile=\"default\" data-border-radius=\"20px\" data-shadow=\"small_depth\" data-animation=\"grow-in\" >\r\n      <div class=\"inner\">\r\n        <div class=\"hover-wrap\" data-hover-animation=\"zoom\"> \r\n          <div class=\"hover-wrap-inner\">\r\n            <a href=\"https:\/\/ambalaza-mmfruits.com\/portfolio\/pet-program\/\" target=\"_self\" class=\"center\">\r\n              <img class=\"img-with-animation skip-lazy  nectar-lazy\" data-delay=\"0\" height=\"1280\" width=\"1280\" data-animation=\"grow-in\" data-nectar-img-src=\"https:\/\/ambalaza-mmfruits.com\/wp-content\/uploads\/2025\/09\/PET-PROGRAM.jpg\" alt=\"\" data-nectar-img-srcset=\"https:\/\/ambalaza-mmfruits.com\/wp-content\/uploads\/2025\/09\/PET-PROGRAM.jpg 1280w, https:\/\/ambalaza-mmfruits.com\/wp-content\/uploads\/2025\/09\/PET-PROGRAM-300x300.jpg 300w, https:\/\/ambalaza-mmfruits.com\/wp-content\/uploads\/2025\/09\/PET-PROGRAM-1024x1024.jpg 1024w, https:\/\/ambalaza-mmfruits.com\/wp-content\/uploads\/2025\/09\/PET-PROGRAM-150x150.jpg 150w, https:\/\/ambalaza-mmfruits.com\/wp-content\/uploads\/2025\/09\/PET-PROGRAM-768x768.jpg 768w, https:\/\/ambalaza-mmfruits.com\/wp-content\/uploads\/2025\/09\/PET-PROGRAM-12x12.jpg 12w, https:\/\/ambalaza-mmfruits.com\/wp-content\/uploads\/2025\/09\/PET-PROGRAM-100x100.jpg 100w, https:\/\/ambalaza-mmfruits.com\/wp-content\/uploads\/2025\/09\/PET-PROGRAM-140x140.jpg 140w, https:\/\/ambalaza-mmfruits.com\/wp-content\/uploads\/2025\/09\/PET-PROGRAM-500x500.jpg 500w, https:\/\/ambalaza-mmfruits.com\/wp-content\/uploads\/2025\/09\/PET-PROGRAM-350x350.jpg 350w, https:\/\/ambalaza-mmfruits.com\/wp-content\/uploads\/2025\/09\/PET-PROGRAM-1000x1000.jpg 1000w, https:\/\/ambalaza-mmfruits.com\/wp-content\/uploads\/2025\/09\/PET-PROGRAM-800x800.jpg 800w\" sizes=\"(min-width: 1450px) 75vw, (min-width: 1000px) 85vw, 100vw\" \/>\r\n            <\/a>\r\n          <\/div>\r\n        <\/div>\r\n      <\/div>\r\n      <\/div><h4 style=\"color: #;text-align: left\" class=\"vc_custom_heading wpb_animate_when_almost_visible wpb_fadeIn fadeIn\" ><a href=\"https:\/\/ambalaza-mmfruits.com\/portfolio\/pet-program\/\">PET PROGRAM<\/a><\/h4>\n\t\t\t<\/div> \n\t\t<\/div>\n\t<\/div> \n\n\t<div  class=\"vc_col-sm-4 wpb_column column_container vc_column_container col no-extra-padding inherit_tablet inherit_phone\"  data-t-w-inherits=\"default\" data-bg-cover=\"\" data-padding-pos=\"all\" data-has-bg-color=\"false\" data-bg-color=\"\" data-bg-opacity=\"1\" data-hover-bg=\"\" data-hover-bg-opacity=\"1\" data-animation=\"\" data-delay=\"0\" >\n\t\t<div class=\"vc_column-inner\" ><div class=\"column-bg-overlay-wrap\" data-bg-animation=\"none\"><div class=\"column-bg-overlay\"><\/div><\/div>\n\t\t\t<div class=\"wpb_wrapper\">\n\t\t\t\t<div class=\"img-with-aniamtion-wrap center\" data-max-width=\"100%\" data-max-width-mobile=\"default\" data-border-radius=\"20px\" data-shadow=\"small_depth\" data-animation=\"grow-in\" >\r\n      <div class=\"inner\">\r\n        <div class=\"hover-wrap\" data-hover-animation=\"zoom\"> \r\n          <div class=\"hover-wrap-inner\">\r\n            <a href=\"https:\/\/ambalaza-mmfruits.com\/portfolio\/kartonske-gajbice\/\" target=\"_self\" class=\"center\">\r\n              <img class=\"img-with-animation skip-lazy  nectar-lazy\" data-delay=\"0\" height=\"1280\" width=\"1280\" data-animation=\"grow-in\" data-nectar-img-src=\"https:\/\/ambalaza-mmfruits.com\/wp-content\/uploads\/2025\/09\/KARTONSKE-GAJBICE.jpg\" alt=\"\" data-nectar-img-srcset=\"https:\/\/ambalaza-mmfruits.com\/wp-content\/uploads\/2025\/09\/KARTONSKE-GAJBICE.jpg 1280w, https:\/\/ambalaza-mmfruits.com\/wp-content\/uploads\/2025\/09\/KARTONSKE-GAJBICE-300x300.jpg 300w, https:\/\/ambalaza-mmfruits.com\/wp-content\/uploads\/2025\/09\/KARTONSKE-GAJBICE-1024x1024.jpg 1024w, https:\/\/ambalaza-mmfruits.com\/wp-content\/uploads\/2025\/09\/KARTONSKE-GAJBICE-150x150.jpg 150w, https:\/\/ambalaza-mmfruits.com\/wp-content\/uploads\/2025\/09\/KARTONSKE-GAJBICE-768x768.jpg 768w, https:\/\/ambalaza-mmfruits.com\/wp-content\/uploads\/2025\/09\/KARTONSKE-GAJBICE-12x12.jpg 12w, https:\/\/ambalaza-mmfruits.com\/wp-content\/uploads\/2025\/09\/KARTONSKE-GAJBICE-100x100.jpg 100w, https:\/\/ambalaza-mmfruits.com\/wp-content\/uploads\/2025\/09\/KARTONSKE-GAJBICE-140x140.jpg 140w, https:\/\/ambalaza-mmfruits.com\/wp-content\/uploads\/2025\/09\/KARTONSKE-GAJBICE-500x500.jpg 500w, https:\/\/ambalaza-mmfruits.com\/wp-content\/uploads\/2025\/09\/KARTONSKE-GAJBICE-350x350.jpg 350w, https:\/\/ambalaza-mmfruits.com\/wp-content\/uploads\/2025\/09\/KARTONSKE-GAJBICE-1000x1000.jpg 1000w, https:\/\/ambalaza-mmfruits.com\/wp-content\/uploads\/2025\/09\/KARTONSKE-GAJBICE-800x800.jpg 800w\" sizes=\"(min-width: 1450px) 75vw, (min-width: 1000px) 85vw, 100vw\" \/>\r\n            <\/a>\r\n          <\/div>\r\n        <\/div>\r\n      <\/div>\r\n      <\/div><h4 style=\"color: #;text-align: left\" class=\"vc_custom_heading wpb_animate_when_almost_visible wpb_fadeIn fadeIn\" ><a href=\"https:\/\/ambalaza-mmfruits.com\/portfolio\/kartonske-gajbice\/\">CARDBOARD BOXES<\/a><\/h4>\n\t\t\t<\/div> \n\t\t<\/div>\n\t<\/div> \n<\/div><\/div>\n\t\t<div id=\"fws_69ff01bb333b8\"  data-column-margin=\"default\" data-midnight=\"dark\"  class=\"wpb_row vc_row-fluid vc_row  vc_row-o-equal-height vc_row-flex standard_section\"  style=\"padding-top: 0px; padding-bottom: 80px; \"><div class=\"row-bg-wrap\" data-bg-animation=\"none\" data-bg-overlay=\"false\"><div class=\"inner-wrap\"><div class=\"row-bg\"  style=\"\"><\/div><\/div><div class=\"row-bg-overlay\" ><\/div><\/div><div class=\"row_col_wrap_12 col span_12 dark left\">\n\t<div  class=\"vc_col-sm-4 wpb_column column_container vc_column_container col no-extra-padding inherit_tablet inherit_phone\"  data-t-w-inherits=\"default\" data-bg-cover=\"\" data-padding-pos=\"all\" data-has-bg-color=\"false\" data-bg-color=\"\" data-bg-opacity=\"1\" data-hover-bg=\"\" data-hover-bg-opacity=\"1\" data-animation=\"\" data-delay=\"0\" >\n\t\t<div class=\"vc_column-inner\" ><div class=\"column-bg-overlay-wrap\" data-bg-animation=\"none\"><div class=\"column-bg-overlay\"><\/div><\/div>\n\t\t\t<div class=\"wpb_wrapper\">\n\t\t\t\t<div class=\"img-with-aniamtion-wrap center\" data-max-width=\"100%\" data-max-width-mobile=\"default\" data-border-radius=\"20px\" data-shadow=\"small_depth\" data-animation=\"grow-in\" >\r\n      <div class=\"inner\">\r\n        <div class=\"hover-wrap\" data-hover-animation=\"zoom\"> \r\n          <div class=\"hover-wrap-inner\">\r\n            <a href=\"https:\/\/ambalaza-mmfruits.com\/portfolio\/traypack\/\" target=\"_self\" class=\"center\">\r\n              <img class=\"img-with-animation skip-lazy  nectar-lazy\" data-delay=\"0\" height=\"1280\" width=\"1280\" data-animation=\"grow-in\" data-nectar-img-src=\"https:\/\/ambalaza-mmfruits.com\/wp-content\/uploads\/2025\/09\/TRAYPACK.jpg\" alt=\"\" data-nectar-img-srcset=\"https:\/\/ambalaza-mmfruits.com\/wp-content\/uploads\/2025\/09\/TRAYPACK.jpg 1280w, https:\/\/ambalaza-mmfruits.com\/wp-content\/uploads\/2025\/09\/TRAYPACK-300x300.jpg 300w, https:\/\/ambalaza-mmfruits.com\/wp-content\/uploads\/2025\/09\/TRAYPACK-1024x1024.jpg 1024w, https:\/\/ambalaza-mmfruits.com\/wp-content\/uploads\/2025\/09\/TRAYPACK-150x150.jpg 150w, https:\/\/ambalaza-mmfruits.com\/wp-content\/uploads\/2025\/09\/TRAYPACK-768x768.jpg 768w, https:\/\/ambalaza-mmfruits.com\/wp-content\/uploads\/2025\/09\/TRAYPACK-12x12.jpg 12w, https:\/\/ambalaza-mmfruits.com\/wp-content\/uploads\/2025\/09\/TRAYPACK-100x100.jpg 100w, https:\/\/ambalaza-mmfruits.com\/wp-content\/uploads\/2025\/09\/TRAYPACK-140x140.jpg 140w, https:\/\/ambalaza-mmfruits.com\/wp-content\/uploads\/2025\/09\/TRAYPACK-500x500.jpg 500w, https:\/\/ambalaza-mmfruits.com\/wp-content\/uploads\/2025\/09\/TRAYPACK-350x350.jpg 350w, https:\/\/ambalaza-mmfruits.com\/wp-content\/uploads\/2025\/09\/TRAYPACK-1000x1000.jpg 1000w, https:\/\/ambalaza-mmfruits.com\/wp-content\/uploads\/2025\/09\/TRAYPACK-800x800.jpg 800w\" sizes=\"(min-width: 1450px) 75vw, (min-width: 1000px) 85vw, 100vw\" \/>\r\n            <\/a>\r\n          <\/div>\r\n        <\/div>\r\n      <\/div>\r\n      <\/div><h4 style=\"color: #;text-align: left\" class=\"vc_custom_heading wpb_animate_when_almost_visible wpb_fadeIn fadeIn\" ><a href=\"https:\/\/ambalaza-mmfruits.com\/portfolio\/traypack\/\">TRAYPACK<\/a><\/h4>\n\t\t\t<\/div> \n\t\t<\/div>\n\t<\/div> \n\n\t<div  class=\"vc_col-sm-4 wpb_column column_container vc_column_container col no-extra-padding inherit_tablet inherit_phone\"  data-t-w-inherits=\"default\" data-bg-cover=\"\" data-padding-pos=\"all\" data-has-bg-color=\"false\" data-bg-color=\"\" data-bg-opacity=\"1\" data-hover-bg=\"\" data-hover-bg-opacity=\"1\" data-animation=\"\" data-delay=\"0\" >\n\t\t<div class=\"vc_column-inner\" ><div class=\"column-bg-overlay-wrap\" data-bg-animation=\"none\"><div class=\"column-bg-overlay\"><\/div><\/div>\n\t\t\t<div class=\"wpb_wrapper\">\n\t\t\t\t<div class=\"img-with-aniamtion-wrap center\" data-max-width=\"100%\" data-max-width-mobile=\"default\" data-border-radius=\"20px\" data-shadow=\"small_depth\" data-animation=\"grow-in\" >\r\n      <div class=\"inner\">\r\n        <div class=\"hover-wrap\" data-hover-animation=\"zoom\"> \r\n          <div class=\"hover-wrap-inner\">\r\n            <a href=\"https:\/\/ambalaza-mmfruits.com\/portfolio\/paletizacija\/\" target=\"_self\" class=\"center\">\r\n              <img class=\"img-with-animation skip-lazy  nectar-lazy\" data-delay=\"0\" height=\"1280\" width=\"1280\" data-animation=\"grow-in\" data-nectar-img-src=\"https:\/\/ambalaza-mmfruits.com\/wp-content\/uploads\/2025\/09\/PALETIZACIJA.jpg\" alt=\"\" data-nectar-img-srcset=\"https:\/\/ambalaza-mmfruits.com\/wp-content\/uploads\/2025\/09\/PALETIZACIJA.jpg 1280w, https:\/\/ambalaza-mmfruits.com\/wp-content\/uploads\/2025\/09\/PALETIZACIJA-300x300.jpg 300w, https:\/\/ambalaza-mmfruits.com\/wp-content\/uploads\/2025\/09\/PALETIZACIJA-1024x1024.jpg 1024w, https:\/\/ambalaza-mmfruits.com\/wp-content\/uploads\/2025\/09\/PALETIZACIJA-150x150.jpg 150w, https:\/\/ambalaza-mmfruits.com\/wp-content\/uploads\/2025\/09\/PALETIZACIJA-768x768.jpg 768w, https:\/\/ambalaza-mmfruits.com\/wp-content\/uploads\/2025\/09\/PALETIZACIJA-12x12.jpg 12w, https:\/\/ambalaza-mmfruits.com\/wp-content\/uploads\/2025\/09\/PALETIZACIJA-100x100.jpg 100w, https:\/\/ambalaza-mmfruits.com\/wp-content\/uploads\/2025\/09\/PALETIZACIJA-140x140.jpg 140w, https:\/\/ambalaza-mmfruits.com\/wp-content\/uploads\/2025\/09\/PALETIZACIJA-500x500.jpg 500w, https:\/\/ambalaza-mmfruits.com\/wp-content\/uploads\/2025\/09\/PALETIZACIJA-350x350.jpg 350w, https:\/\/ambalaza-mmfruits.com\/wp-content\/uploads\/2025\/09\/PALETIZACIJA-1000x1000.jpg 1000w, https:\/\/ambalaza-mmfruits.com\/wp-content\/uploads\/2025\/09\/PALETIZACIJA-800x800.jpg 800w\" sizes=\"(min-width: 1450px) 75vw, (min-width: 1000px) 85vw, 100vw\" \/>\r\n            <\/a>\r\n          <\/div>\r\n        <\/div>\r\n      <\/div>\r\n      <\/div><h4 style=\"color: #;text-align: left\" class=\"vc_custom_heading wpb_animate_when_almost_visible wpb_fadeIn fadeIn\" ><a href=\"https:\/\/ambalaza-mmfruits.com\/portfolio\/paletizacija\/\">PALLETIZATION<\/a><\/h4>\n\t\t\t<\/div> \n\t\t<\/div>\n\t<\/div> \n\n\t<div  class=\"vc_col-sm-4 wpb_column column_container vc_column_container col no-extra-padding inherit_tablet inherit_phone\"  data-t-w-inherits=\"default\" data-bg-cover=\"\" data-padding-pos=\"all\" data-has-bg-color=\"false\" data-bg-color=\"\" data-bg-opacity=\"1\" data-hover-bg=\"\" data-hover-bg-opacity=\"1\" data-animation=\"\" data-delay=\"0\" >\n\t\t<div class=\"vc_column-inner\" ><div class=\"column-bg-overlay-wrap\" data-bg-animation=\"none\"><div class=\"column-bg-overlay\"><\/div><\/div>\n\t\t\t<div class=\"wpb_wrapper\">\n\t\t\t\t<div class=\"img-with-aniamtion-wrap center\" data-max-width=\"100%\" data-max-width-mobile=\"default\" data-border-radius=\"20px\" data-shadow=\"small_depth\" data-animation=\"grow-in\" >\r\n      <div class=\"inner\">\r\n        <div class=\"hover-wrap\" data-hover-animation=\"zoom\"> \r\n          <div class=\"hover-wrap-inner\">\r\n            <a href=\"https:\/\/ambalaza-mmfruits.com\/portfolio\/ostali-proizvodi\/\" target=\"_self\" class=\"center\">\r\n              <img class=\"img-with-animation skip-lazy  nectar-lazy\" data-delay=\"0\" height=\"1280\" width=\"1280\" data-animation=\"grow-in\" data-nectar-img-src=\"https:\/\/ambalaza-mmfruits.com\/wp-content\/uploads\/2025\/09\/OSTALI-PROIZVODI.jpg\" alt=\"\" data-nectar-img-srcset=\"https:\/\/ambalaza-mmfruits.com\/wp-content\/uploads\/2025\/09\/OSTALI-PROIZVODI.jpg 1280w, https:\/\/ambalaza-mmfruits.com\/wp-content\/uploads\/2025\/09\/OSTALI-PROIZVODI-300x300.jpg 300w, https:\/\/ambalaza-mmfruits.com\/wp-content\/uploads\/2025\/09\/OSTALI-PROIZVODI-1024x1024.jpg 1024w, https:\/\/ambalaza-mmfruits.com\/wp-content\/uploads\/2025\/09\/OSTALI-PROIZVODI-150x150.jpg 150w, https:\/\/ambalaza-mmfruits.com\/wp-content\/uploads\/2025\/09\/OSTALI-PROIZVODI-768x768.jpg 768w, https:\/\/ambalaza-mmfruits.com\/wp-content\/uploads\/2025\/09\/OSTALI-PROIZVODI-12x12.jpg 12w, https:\/\/ambalaza-mmfruits.com\/wp-content\/uploads\/2025\/09\/OSTALI-PROIZVODI-100x100.jpg 100w, https:\/\/ambalaza-mmfruits.com\/wp-content\/uploads\/2025\/09\/OSTALI-PROIZVODI-140x140.jpg 140w, https:\/\/ambalaza-mmfruits.com\/wp-content\/uploads\/2025\/09\/OSTALI-PROIZVODI-500x500.jpg 500w, https:\/\/ambalaza-mmfruits.com\/wp-content\/uploads\/2025\/09\/OSTALI-PROIZVODI-350x350.jpg 350w, https:\/\/ambalaza-mmfruits.com\/wp-content\/uploads\/2025\/09\/OSTALI-PROIZVODI-1000x1000.jpg 1000w, https:\/\/ambalaza-mmfruits.com\/wp-content\/uploads\/2025\/09\/OSTALI-PROIZVODI-800x800.jpg 800w\" sizes=\"(min-width: 1450px) 75vw, (min-width: 1000px) 85vw, 100vw\" \/>\r\n            <\/a>\r\n          <\/div>\r\n        <\/div>\r\n      <\/div>\r\n      <\/div><h4 style=\"color: #;text-align: left\" class=\"vc_custom_heading wpb_animate_when_almost_visible wpb_fadeIn fadeIn\" ><a href=\"https:\/\/ambalaza-mmfruits.com\/portfolio\/ostali-proizvodi\/\">OTHER PRODUCTS<\/a><\/h4>\n\t\t\t<\/div> \n\t\t<\/div>\n\t<\/div> \n<\/div><\/div>\n\t\t<div id=\"fws_69ff01bb34ae2\"  data-column-margin=\"default\" data-midnight=\"dark\"  class=\"wpb_row vc_row-fluid vc_row standard_section\"  style=\"padding-top: 0px; padding-bottom: 0px; \"><div class=\"row-bg-wrap\" data-bg-animation=\"none\" data-bg-overlay=\"false\"><div class=\"inner-wrap\"><div class=\"row-bg\"  style=\"\"><\/div><\/div><div class=\"row-bg-overlay\" ><\/div><\/div><div class=\"row_col_wrap_12 col span_12 dark left\">\n\t<div  class=\"vc_col-sm-12 wpb_column column_container vc_column_container col no-extra-padding inherit_tablet inherit_phone\"  data-t-w-inherits=\"default\" data-bg-cover=\"\" data-padding-pos=\"all\" data-has-bg-color=\"false\" data-bg-color=\"\" data-bg-opacity=\"1\" data-hover-bg=\"\" data-hover-bg-opacity=\"1\" data-animation=\"\" data-delay=\"0\" >\n\t\t<div class=\"vc_column-inner\" ><div class=\"column-bg-overlay-wrap\" data-bg-animation=\"none\"><div class=\"column-bg-overlay\"><\/div><\/div>\n\t\t\t<div class=\"wpb_wrapper\">\n\t\t\t\t\n\t\t\t<\/div> \n\t\t<\/div>\n\t<\/div> \n<\/div><\/div>","protected":false},"excerpt":{"rendered":"M&amp;M Fruits Porodi\u010dna firma, koja se bavi proizvodnjom i distribucijom ambala\u017ee za pakovanje sve\u017eih proizvoda. Op\u0161irnije PP PROGRAM PET PROGRAM KARTONSKE GAJBICE TRAYPACK PALETIZACIJA OSTALI...","protected":false},"author":1,"featured_media":0,"parent":0,"menu_order":0,"comment_status":"closed","ping_status":"closed","template":"","meta":{"footnotes":""},"class_list":["post-5761","page","type-page","status-publish"],"_links":{"self":[{"href":"https:\/\/ambalaza-mmfruits.com\/en\/wp-json\/wp\/v2\/pages\/5761","targetHints":{"allow":["GET"]}}],"collection":[{"href":"https:\/\/ambalaza-mmfruits.com\/en\/wp-json\/wp\/v2\/pages"}],"about":[{"href":"https:\/\/ambalaza-mmfruits.com\/en\/wp-json\/wp\/v2\/types\/page"}],"author":[{"embeddable":true,"href":"https:\/\/ambalaza-mmfruits.com\/en\/wp-json\/wp\/v2\/users\/1"}],"replies":[{"embeddable":true,"href":"https:\/\/ambalaza-mmfruits.com\/en\/wp-json\/wp\/v2\/comments?post=5761"}],"version-history":[{"count":422,"href":"https:\/\/ambalaza-mmfruits.com\/en\/wp-json\/wp\/v2\/pages\/5761\/revisions"}],"predecessor-version":[{"id":8326,"href":"https:\/\/ambalaza-mmfruits.com\/en\/wp-json\/wp\/v2\/pages\/5761\/revisions\/8326"}],"wp:attachment":[{"href":"https:\/\/ambalaza-mmfruits.com\/en\/wp-json\/wp\/v2\/media?parent=5761"}],"curies":[{"name":"wp","href":"https:\/\/api.w.org\/{rel}","templated":true}]}}